{"id":454,"date":"2025-09-24T06:31:34","date_gmt":"2025-09-24T06:31:34","guid":{"rendered":"http:\/\/campsdevents.com\/aviso-legal\/"},"modified":"2025-10-01T15:46:18","modified_gmt":"2025-10-01T15:46:18","slug":"aviso-legal","status":"publish","type":"page","link":"http:\/\/campsdevents.com\/es\/aviso-legal\/","title":{"rendered":"Aviso Legal"},"content":{"rendered":"<p>[et_pb_section fb_built=\u00bb1&#8243; admin_label=\u00bbReservation\u00bb _builder_version=\u00bb4.27.4&#8243; _module_preset=\u00bbdefault\u00bb collapsed=\u00bbon\u00bb global_colors_info=\u00bb{}\u00bb][et_pb_row _builder_version=\u00bb4.27.4&#8243; _module_preset=\u00bbdefault\u00bb global_colors_info=\u00bb{}\u00bb][et_pb_column type=\u00bb4_4&#8243; _builder_version=\u00bb4.27.4&#8243; _module_preset=\u00bbdefault\u00bb global_colors_info=\u00bb{}\u00bb][et_pb_text _builder_version=\u00bb4.27.4&#8243; _module_preset=\u00bbdefault\u00bb global_colors_info=\u00bb{}\u00bb]<\/p>\n<h1 data-start=\"307\" data-end=\"327\"><strong data-start=\"313\" data-end=\"327\">Aviso Legal<\/strong><\/h1>\n<p data-start=\"329\" data-end=\"547\">De acuerdo con lo establecido en la Ley 34\/2002, de 11 de julio, de servicios de la sociedad de la informaci\u00f3n y del comercio electr\u00f3nico (LSSI-CE), se pone a disposici\u00f3n de los usuarios la siguiente informaci\u00f3n legal del sitio web:<\/p>\n<p data-start=\"549\" data-end=\"868\"><strong data-start=\"549\" data-end=\"574\">Titular del sitio web:<\/strong> CAMPS DE L&#8217;EMPORD\u00c0, S.L.<br data-start=\"599\" data-end=\"602\"><strong data-start=\"602\" data-end=\"610\">CIF:<\/strong> B55286660<br data-start=\"620\" data-end=\"623\"><strong data-start=\"623\" data-end=\"643\">Domicilio social:<\/strong> Carrer Joanot Martorell, 8, 17480 Roses (Girona), Espa\u00f1a<br data-start=\"701\" data-end=\"704\"><strong data-start=\"704\" data-end=\"728\">Tel\u00e9fono de contacto:<\/strong> 616 680 215<br data-start=\"740\" data-end=\"743\"><strong data-start=\"743\" data-end=\"765\">Correo electr\u00f3nico:<\/strong> <a data-start=\"766\" data-end=\"791\" class=\"decorated-link cursor-pointer\" rel=\"noopener\">campsdelemporda@gmail.com<span aria-hidden=\"true\" class=\"ms-0.5 inline-block align-middle leading-none\"><svg width=\"20\" height=\"20\" viewbox=\"0 0 20 20\" fill=\"currentColor\" xmlns=\"http:\/\/www.w3.org\/2000\/svg\" data-rtl-flip=\"\" class=\"block h-[0.75em] w-[0.75em] stroke-current stroke-[0.75]\"><path d=\"M14.3349 13.3301V6.60645L5.47065 15.4707C5.21095 15.7304 4.78895 15.7304 4.52925 15.4707C4.26955 15.211 4.26955 14.789 4.52925 14.5293L13.3935 5.66504H6.66011C6.29284 5.66504 5.99507 5.36727 5.99507 5C5.99507 4.63273 6.29284 4.33496 6.66011 4.33496H14.9999L15.1337 4.34863C15.4369 4.41057 15.665 4.67857 15.665 5V13.3301C15.6649 13.6973 15.3672 13.9951 14.9999 13.9951C14.6327 13.9951 14.335 13.6973 14.3349 13.3301Z\"><\/path><\/svg><\/span><\/a><br data-start=\"791\" data-end=\"794\"><strong data-start=\"794\" data-end=\"809\">Dominio web:<\/strong> <a data-start=\"810\" data-end=\"868\" rel=\"noopener\" target=\"_new\" class=\"decorated-link\" href=\"https:\/\/www.campsdelemporda.com\">www.campsdelemporda.com<span aria-hidden=\"true\" class=\"ms-0.5 inline-block align-middle leading-none\"><svg width=\"20\" height=\"20\" viewbox=\"0 0 20 20\" fill=\"currentColor\" xmlns=\"http:\/\/www.w3.org\/2000\/svg\" data-rtl-flip=\"\" class=\"block h-[0.75em] w-[0.75em] stroke-current stroke-[0.75]\"><path d=\"M14.3349 13.3301V6.60645L5.47065 15.4707C5.21095 15.7304 4.78895 15.7304 4.52925 15.4707C4.26955 15.211 4.26955 14.789 4.52925 14.5293L13.3935 5.66504H6.66011C6.29284 5.66504 5.99507 5.36727 5.99507 5C5.99507 4.63273 6.29284 4.33496 6.66011 4.33496H14.9999L15.1337 4.34863C15.4369 4.41057 15.665 4.67857 15.665 5V13.3301C15.6649 13.6973 15.3672 13.9951 14.9999 13.9951C14.6327 13.9951 14.335 13.6973 14.3349 13.3301Z\"><\/path><\/svg><\/span><\/a><\/p>\n<hr data-start=\"870\" data-end=\"873\">\n<h2 data-start=\"875\" data-end=\"900\">Condiciones de uso<\/h2>\n<p data-start=\"902\" data-end=\"1051\">El acceso y\/o uso de este sitio web atribuye la condici\u00f3n de usuario, que acepta desde este mismo acceso y\/o uso, las presentes condiciones generales de uso.<\/p>\n<p data-start=\"1053\" data-end=\"1342\">El usuario se compromete a utilizar este sitio web, sus servicios y contenidos de conformidad con la legislaci\u00f3n vigente, la buena fe, las buenas costumbres y el orden p\u00fablico. Queda prohibido el uso del sitio web con fines il\u00edcitos o lesivos contra CAMPS DE L&#8217;EMPORD\u00c0, S.L. o cualquier tercero.<\/p>\n<hr data-start=\"1344\" data-end=\"1347\">\n<h2 data-start=\"1349\" data-end=\"1393\">Propiedad intelectual e industrial<\/h2>\n<p data-start=\"1395\" data-end=\"1711\">Todos los contenidos del sitio web (textos, im\u00e1genes, marcas, logotipos, archivos de audio, software, combinaciones de colores, estructura y dise\u00f1o, etc.) son propiedad de CAMPS DE L&#8217;EMPORD\u00c0, S.L., o de terceros con quienes se ha acordado su cesi\u00f3n, y est\u00e1n protegidos por la normativa de propiedad intelectual e industrial.<\/p>\n<p data-start=\"1713\" data-end=\"1878\">Cualquier uso no autorizado expresamente por parte de CAMPS DE L&#8217;EMPORD\u00c0, S.L. ser\u00e1 considerado un incumplimiento grave de los derechos de propiedad intelectual o industrial.<\/p>\n<hr data-start=\"1880\" data-end=\"1883\">\n<h2 data-start=\"1885\" data-end=\"1908\">Enlaces externos<\/h2>\n<p data-start=\"1910\" data-end=\"2101\">El sitio web puede contener enlaces a sitios web de terceros. CAMPS DE L&#8217;EMPORD\u00c0, S.L. no se hace responsable del contenido ni de cualquier otro aspecto relacionado con estos sitios o p\u00e1ginas web.<\/p>\n<hr data-start=\"2103\" data-end=\"2106\">\n<h2 data-start=\"2108\" data-end=\"2130\">Responsabilidad<\/h2>\n<p data-start=\"2132\" data-end=\"2321\">CAMPS DE L&#8217;EMPORD\u00c0, S.L. no se hace responsable de los da\u00f1os y perjuicios de cualquier naturaleza que puedan derivarse de la disponibilidad o continuidad t\u00e9cnica del funcionamiento del sitio web.<\/p>\n<hr data-start=\"2323\" data-end=\"2326\">\n<h2 data-start=\"2328\" data-end=\"2369\">Legislaci\u00f3n aplicable y jurisdicci\u00f3n<\/h2>\n<p data-start=\"2371\" data-end=\"2604\">Este Aviso Legal se rige \u00edntegramente por la legislaci\u00f3n espa\u00f1ola. Para cualquier controversia que pudiera surgir, las partes se someter\u00e1n, con renuncia expresa a cualquier otro fuero, a los juzgados y tribunales de la ciudad de Girona.<\/p>\n<p>[\/et_pb_text][\/et_pb_column][\/et_pb_row][\/et_pb_section]<\/p>\n","protected":false},"excerpt":{"rendered":"<p>Aviso Legal De acuerdo con lo establecido en la Ley 34\/2002, de 11 de julio, de servicios de la sociedad de la informaci\u00f3n y del comercio electr\u00f3nico (LSSI-CE), se pone a disposici\u00f3n de los usuarios la siguiente informaci\u00f3n legal del sitio web: Titular del sitio web: CAMPS DE L&#8217;EMPORD\u00c0, S.L.CIF: B55286660Domicilio social: Carrer Joanot Martorell, [&hellip;]<\/p>\n","protected":false},"author":1,"featured_media":0,"parent":0,"menu_order":0,"comment_status":"closed","ping_status":"closed","template":"","meta":{"_et_pb_use_builder":"on","_et_pb_old_content":"","_et_gb_content_width":"","footnotes":""},"class_list":["post-454","page","type-page","status-publish","hentry"],"_links":{"self":[{"href":"http:\/\/campsdevents.com\/es\/wp-json\/wp\/v2\/pages\/454","targetHints":{"allow":["GET"]}}],"collection":[{"href":"http:\/\/campsdevents.com\/es\/wp-json\/wp\/v2\/pages"}],"about":[{"href":"http:\/\/campsdevents.com\/es\/wp-json\/wp\/v2\/types\/page"}],"author":[{"embeddable":true,"href":"http:\/\/campsdevents.com\/es\/wp-json\/wp\/v2\/users\/1"}],"replies":[{"embeddable":true,"href":"http:\/\/campsdevents.com\/es\/wp-json\/wp\/v2\/comments?post=454"}],"version-history":[{"count":1,"href":"http:\/\/campsdevents.com\/es\/wp-json\/wp\/v2\/pages\/454\/revisions"}],"predecessor-version":[{"id":457,"href":"http:\/\/campsdevents.com\/es\/wp-json\/wp\/v2\/pages\/454\/revisions\/457"}],"wp:attachment":[{"href":"http:\/\/campsdevents.com\/es\/wp-json\/wp\/v2\/media?parent=454"}],"curies":[{"name":"wp","href":"https:\/\/api.w.org\/{rel}","templated":true}]}}